{"id":6168,"date":"2026-02-09T12:32:34","date_gmt":"2026-02-09T12:32:34","guid":{"rendered":"https:\/\/bsm.dk\/?page_id=6168"},"modified":"2026-04-28T09:28:29","modified_gmt":"2026-04-28T09:28:29","slug":"karriere","status":"publish","type":"page","link":"https:\/\/bsm.dk\/en\/om-os\/karriere\/","title":{"rendered":"Karriere"},"content":{"rendered":"<div data-elementor-type=\"wp-page\" data-elementor-id=\"6168\" class=\"elementor elementor-6168\" data-elementor-post-type=\"page\">\n\t\t\t\t<div class=\"elementor-element elementor-element-22f1e24d e-flex e-con-boxed e-con e-parent\" data-id=\"22f1e24d\" data-element_type=\"container\" data-e-type=\"container\">\n\t\t\t\t\t<div class=\"e-con-inner\">\n\t\t\t\t<div class=\"elementor-element elementor-element-3689f66b elementor-widget elementor-widget-text-editor\" data-id=\"3689f66b\" data-element_type=\"widget\" data-e-type=\"widget\" data-widget_type=\"text-editor.default\">\n\t\t\t\t<div class=\"elementor-widget-container\">\n\t\t\t\t\t\t\t\t\t\n\n<div data-2p-widget-vacancies data-language=\"da\" data-domain=\"bsm.dk\"><\/div>\n\t\t\t\t\t\t\t\t<\/div>\n\t\t\t\t<\/div>\n\t\t\t\t\t<\/div>\n\t\t\t\t<\/div>\n\t\t<div class=\"elementor-element elementor-element-b8936fa e-flex e-con-boxed e-con e-parent\" data-id=\"b8936fa\" data-element_type=\"container\" data-e-type=\"container\">\n\t\t\t\t\t<div class=\"e-con-inner\">\n\t\t\t\t<div class=\"elementor-element elementor-element-991c658 elementor-widget elementor-widget-html\" data-id=\"991c658\" data-element_type=\"widget\" data-e-type=\"widget\" data-widget_type=\"html.default\">\n\t\t\t\t<div class=\"elementor-widget-container\">\n\t\t\t\t\t<div data-2p-widget-vacancies data-language=\"dk\" data-domain=\"bsm\"><\/div>\t\t\t\t<\/div>\n\t\t\t\t<\/div>\n\t\t\t\t\t<\/div>\n\t\t\t\t<\/div>\n\t\t\t\t<\/div>","protected":false},"excerpt":{"rendered":"","protected":false},"author":3,"featured_media":0,"parent":130,"menu_order":0,"comment_status":"closed","ping_status":"closed","template":"","meta":{"footnotes":""},"class_list":["post-6168","page","type-page","status-publish","hentry"],"yoast_head":"<!-- This site is optimized with the Yoast SEO plugin v27.5 - https:\/\/yoast.com\/product\/yoast-seo-wordpress\/ -->\n<title>Karriere - BSM A\/S<\/title>\n<meta name=\"description\" content=\"Bliv en del af en st\u00e6rk dansk produktionsvirksomhed med fokus p\u00e5 faglighed, udvikling og f\u00e6llesskab. Se ledige stillinger her.\" \/>\n<meta name=\"robots\" content=\"index, follow, max-snippet:-1, max-image-preview:large, max-video-preview:-1\" \/>\n<link rel=\"canonical\" href=\"https:\/\/bsm.dk\/en\/om-os\/karriere\/\" \/>\n<meta property=\"og:locale\" content=\"en_GB\" \/>\n<meta property=\"og:type\" content=\"article\" \/>\n<meta property=\"og:title\" content=\"Karriere - BSM A\/S\" \/>\n<meta property=\"og:description\" content=\"Bliv en del af en st\u00e6rk dansk produktionsvirksomhed med fokus p\u00e5 faglighed, udvikling og f\u00e6llesskab. Se ledige stillinger her.\" \/>\n<meta property=\"og:url\" content=\"https:\/\/bsm.dk\/en\/om-os\/karriere\/\" \/>\n<meta property=\"og:site_name\" content=\"BSM A\/S\" \/>\n<meta property=\"article:publisher\" content=\"https:\/\/www.facebook.com\/bsmvisioninsteel\" \/>\n<meta property=\"article:modified_time\" content=\"2026-04-28T09:28:29+00:00\" \/>\n<meta name=\"twitter:card\" content=\"summary_large_image\" \/>\n<script type=\"application\/ld+json\" class=\"yoast-schema-graph\">{\"@context\":\"https:\\\/\\\/schema.org\",\"@graph\":[{\"@type\":\"WebPage\",\"@id\":\"https:\\\/\\\/bsm.dk\\\/om-os\\\/karriere\\\/\",\"url\":\"https:\\\/\\\/bsm.dk\\\/om-os\\\/karriere\\\/\",\"name\":\"Karriere - BSM A\\\/S\",\"isPartOf\":{\"@id\":\"https:\\\/\\\/bsm.dk\\\/#website\"},\"datePublished\":\"2026-02-09T12:32:34+00:00\",\"dateModified\":\"2026-04-28T09:28:29+00:00\",\"description\":\"Bliv en del af en st\u00e6rk dansk produktionsvirksomhed med fokus p\u00e5 faglighed, udvikling og f\u00e6llesskab. Se ledige stillinger her.\",\"breadcrumb\":{\"@id\":\"https:\\\/\\\/bsm.dk\\\/om-os\\\/karriere\\\/#breadcrumb\"},\"inLanguage\":\"en-GB\",\"potentialAction\":[{\"@type\":\"ReadAction\",\"target\":[\"https:\\\/\\\/bsm.dk\\\/om-os\\\/karriere\\\/\"]}]},{\"@type\":\"BreadcrumbList\",\"@id\":\"https:\\\/\\\/bsm.dk\\\/om-os\\\/karriere\\\/#breadcrumb\",\"itemListElement\":[{\"@type\":\"ListItem\",\"position\":1,\"name\":\"Hjem\",\"item\":\"https:\\\/\\\/bsm.dk\\\/\"},{\"@type\":\"ListItem\",\"position\":2,\"name\":\"Om Os\",\"item\":\"https:\\\/\\\/bsm.dk\\\/om-os\\\/\"},{\"@type\":\"ListItem\",\"position\":3,\"name\":\"Karriere\"}]},{\"@type\":\"WebSite\",\"@id\":\"https:\\\/\\\/bsm.dk\\\/#website\",\"url\":\"https:\\\/\\\/bsm.dk\\\/\",\"name\":\"BSM.dk\",\"description\":\"Dansk underleverand\u00f8r af metal og st\u00e5lprodukter siden 1980\",\"publisher\":{\"@id\":\"https:\\\/\\\/bsm.dk\\\/#organization\"},\"potentialAction\":[{\"@type\":\"SearchAction\",\"target\":{\"@type\":\"EntryPoint\",\"urlTemplate\":\"https:\\\/\\\/bsm.dk\\\/?s={search_term_string}\"},\"query-input\":{\"@type\":\"PropertyValueSpecification\",\"valueRequired\":true,\"valueName\":\"search_term_string\"}}],\"inLanguage\":\"en-GB\"},{\"@type\":\"Organization\",\"@id\":\"https:\\\/\\\/bsm.dk\\\/#organization\",\"name\":\"BSM A\\\/S\",\"url\":\"https:\\\/\\\/bsm.dk\\\/\",\"logo\":{\"@type\":\"ImageObject\",\"inLanguage\":\"en-GB\",\"@id\":\"https:\\\/\\\/bsm.dk\\\/#\\\/schema\\\/logo\\\/image\\\/\",\"url\":\"https:\\\/\\\/bsm.dk\\\/wp-content\\\/uploads\\\/2025\\\/02\\\/BSM-logo-sort.png\",\"contentUrl\":\"https:\\\/\\\/bsm.dk\\\/wp-content\\\/uploads\\\/2025\\\/02\\\/BSM-logo-sort.png\",\"width\":2000,\"height\":2000,\"caption\":\"BSM A\\\/S\"},\"image\":{\"@id\":\"https:\\\/\\\/bsm.dk\\\/#\\\/schema\\\/logo\\\/image\\\/\"},\"sameAs\":[\"https:\\\/\\\/www.facebook.com\\\/bsmvisioninsteel\",\"https:\\\/\\\/www.linkedin.com\\\/company\\\/bsm-a-s\\\/\"]}]}<\/script>\n<!-- \/ Yoast SEO plugin. -->","yoast_head_json":{"title":"Karriere - BSM A\/S","description":"Bliv en del af en st\u00e6rk dansk produktionsvirksomhed med fokus p\u00e5 faglighed, udvikling og f\u00e6llesskab. Se ledige stillinger her.","robots":{"index":"index","follow":"follow","max-snippet":"max-snippet:-1","max-image-preview":"max-image-preview:large","max-video-preview":"max-video-preview:-1"},"canonical":"https:\/\/bsm.dk\/en\/om-os\/karriere\/","og_locale":"en_GB","og_type":"article","og_title":"Karriere - BSM A\/S","og_description":"Bliv en del af en st\u00e6rk dansk produktionsvirksomhed med fokus p\u00e5 faglighed, udvikling og f\u00e6llesskab. Se ledige stillinger her.","og_url":"https:\/\/bsm.dk\/en\/om-os\/karriere\/","og_site_name":"BSM A\/S","article_publisher":"https:\/\/www.facebook.com\/bsmvisioninsteel","article_modified_time":"2026-04-28T09:28:29+00:00","twitter_card":"summary_large_image","schema":{"@context":"https:\/\/schema.org","@graph":[{"@type":"WebPage","@id":"https:\/\/bsm.dk\/om-os\/karriere\/","url":"https:\/\/bsm.dk\/om-os\/karriere\/","name":"Karriere - BSM A\/S","isPartOf":{"@id":"https:\/\/bsm.dk\/#website"},"datePublished":"2026-02-09T12:32:34+00:00","dateModified":"2026-04-28T09:28:29+00:00","description":"Bliv en del af en st\u00e6rk dansk produktionsvirksomhed med fokus p\u00e5 faglighed, udvikling og f\u00e6llesskab. Se ledige stillinger her.","breadcrumb":{"@id":"https:\/\/bsm.dk\/om-os\/karriere\/#breadcrumb"},"inLanguage":"en-GB","potentialAction":[{"@type":"ReadAction","target":["https:\/\/bsm.dk\/om-os\/karriere\/"]}]},{"@type":"BreadcrumbList","@id":"https:\/\/bsm.dk\/om-os\/karriere\/#breadcrumb","itemListElement":[{"@type":"ListItem","position":1,"name":"Hjem","item":"https:\/\/bsm.dk\/"},{"@type":"ListItem","position":2,"name":"Om Os","item":"https:\/\/bsm.dk\/om-os\/"},{"@type":"ListItem","position":3,"name":"Karriere"}]},{"@type":"WebSite","@id":"https:\/\/bsm.dk\/#website","url":"https:\/\/bsm.dk\/","name":"BSM.dk","description":"Dansk underleverand\u00f8r af metal og st\u00e5lprodukter siden 1980","publisher":{"@id":"https:\/\/bsm.dk\/#organization"},"potentialAction":[{"@type":"SearchAction","target":{"@type":"EntryPoint","urlTemplate":"https:\/\/bsm.dk\/?s={search_term_string}"},"query-input":{"@type":"PropertyValueSpecification","valueRequired":true,"valueName":"search_term_string"}}],"inLanguage":"en-GB"},{"@type":"Organization","@id":"https:\/\/bsm.dk\/#organization","name":"BSM A\/S","url":"https:\/\/bsm.dk\/","logo":{"@type":"ImageObject","inLanguage":"en-GB","@id":"https:\/\/bsm.dk\/#\/schema\/logo\/image\/","url":"https:\/\/bsm.dk\/wp-content\/uploads\/2025\/02\/BSM-logo-sort.png","contentUrl":"https:\/\/bsm.dk\/wp-content\/uploads\/2025\/02\/BSM-logo-sort.png","width":2000,"height":2000,"caption":"BSM A\/S"},"image":{"@id":"https:\/\/bsm.dk\/#\/schema\/logo\/image\/"},"sameAs":["https:\/\/www.facebook.com\/bsmvisioninsteel","https:\/\/www.linkedin.com\/company\/bsm-a-s\/"]}]}},"rttpg_featured_image_url":null,"rttpg_author":{"display_name":"Ren\u00e9 Sejling","author_link":"https:\/\/bsm.dk\/en\/author\/renesejling\/"},"rttpg_comment":0,"rttpg_category":null,"rttpg_excerpt":null,"_links":{"self":[{"href":"https:\/\/bsm.dk\/en\/wp-json\/wp\/v2\/pages\/6168","targetHints":{"allow":["GET"]}}],"collection":[{"href":"https:\/\/bsm.dk\/en\/wp-json\/wp\/v2\/pages"}],"about":[{"href":"https:\/\/bsm.dk\/en\/wp-json\/wp\/v2\/types\/page"}],"author":[{"embeddable":true,"href":"https:\/\/bsm.dk\/en\/wp-json\/wp\/v2\/users\/3"}],"replies":[{"embeddable":true,"href":"https:\/\/bsm.dk\/en\/wp-json\/wp\/v2\/comments?post=6168"}],"version-history":[{"count":30,"href":"https:\/\/bsm.dk\/en\/wp-json\/wp\/v2\/pages\/6168\/revisions"}],"predecessor-version":[{"id":6432,"href":"https:\/\/bsm.dk\/en\/wp-json\/wp\/v2\/pages\/6168\/revisions\/6432"}],"up":[{"embeddable":true,"href":"https:\/\/bsm.dk\/en\/wp-json\/wp\/v2\/pages\/130"}],"wp:attachment":[{"href":"https:\/\/bsm.dk\/en\/wp-json\/wp\/v2\/media?parent=6168"}],"curies":[{"name":"wp","href":"https:\/\/api.w.org\/{rel}","templated":true}]}}